{"id":507,"date":"2024-06-14T01:10:56","date_gmt":"2024-06-14T04:10:56","guid":{"rendered":"https:\/\/sinprosm.com.br\/35anos\/?page_id=507"},"modified":"2024-06-16T18:48:18","modified_gmt":"2024-06-16T21:48:18","slug":"para-alem-da-luta","status":"publish","type":"page","link":"https:\/\/sinprosm.com.br\/35anos\/para-alem-da-luta\/","title":{"rendered":"Para Al\u00e9m Da Luta"},"content":{"rendered":"<div class=\"wpb-content-wrapper\"><p>[vc_row css_animation=&#8221;&#8221; row_type=&#8221;row&#8221; use_row_as_full_screen_section=&#8221;no&#8221; type=&#8221;grid&#8221; angled_section=&#8221;no&#8221; text_align=&#8221;left&#8221; background_image_as_pattern=&#8221;without_pattern&#8221; anchor=&#8221;about&#8221; css=&#8221;.vc_custom_1467272775778{padding-top: 7% !important;padding-bottom: 6.5% !important;}&#8221;][vc_column css=&#8221;.vc_custom_1718327806691{padding-right: 5% !important;padding-left: 5% !important;}&#8221;][vc_column_text css=&#8221;.vc_custom_1718564334425{padding-top: 20px !important;padding-bottom: 20px !important;}&#8221;]<\/p>\n<p style=\"text-align: center;\"><iframe loading=\"lazy\" title=\"YouTube video player\" src=\"https:\/\/www.youtube.com\/embed\/vBg0HdY-2hY?si=lIWXkfU7D_O98_un\" width=\"560\" height=\"315\" frameborder=\"0\" allowfullscreen=\"allowfullscreen\"><\/iframe><\/p>\n<p>[\/vc_column_text][vc_column_text css=&#8221;.vc_custom_1718338231640{padding-top: 20px !important;padding-bottom: 20px !important;}&#8221;]<\/p>\n<h2 style=\"text-align: center;\">Para Al\u00e9m Da Luta<\/h2>\n<p>[\/vc_column_text][vc_column_text css=&#8221;&#8221;]O Sindicato busca promover a INTEGRA\u00c7\u00c3O, a SA\u00daDE e BEM-ESTAR dos associados, aposentados e ativos, acolhendo e articulando atividades grupais e individualizadas no espa\u00e7o de conviv\u00eancia da sede. Tamb\u00e9m comemoramos a boniteza, a alegria da VIDA e nossas VIT\u00d3RIAS COLETIVAS, com a promo\u00e7\u00e3o de eventos sociais e culturais \u00e0 altura da import\u00e2ncia do professor na sociedade: somos os profissionais que formam os demais profissionais![\/vc_column_text]<div class=\"qode-advanced-image-gallery  qode-aig-masonry-type qode-large-space  qode-image-behavior-lightbox \">\n\t<div class=\"qode-aig-inner qode-outer-space qode-aig-masonry qode-aig-six-columns\">\n\t\t<div class=\"qode-aig-grid-sizer\"><\/div>\n\t\t<div class=\"qode-aig-grid-gutter\"><\/div>\n\t\t\t\t\t\t\t\t<div class=\"qode-aig-image qode-item-space qode-aig-default-masonry-item\">\n\t\t\t\t<div class=\"qode-aig-image-inner\">\n\t\t\t\t\t\t\t\t\t\t\t<a itemprop=\"image\" class=\"qode-aig-lightbox\" href=\"https:\/\/sinprosm.com.br\/35anos\/wp-content\/uploads\/2024\/06\/BANNER-7-1.png\" data-rel=\"prettyPhoto[image_gallery_pretty_photo-159]\" title=\"BANNER 7 &#8211; 1\">\n\t\t\t\t\t\t\t\t\t\t\t\t\t<img loading=\"lazy\" decoding=\"async\" width=\"150\" height=\"150\" src=\"https:\/\/sinprosm.com.br\/35anos\/wp-content\/uploads\/2024\/06\/BANNER-7-1-150x150.png\" class=\"attachment-thumbnail size-thumbnail\" alt=\"\" srcset=\"https:\/\/sinprosm.com.br\/35anos\/wp-content\/uploads\/2024\/06\/BANNER-7-1-150x150.png 150w, https:\/\/sinprosm.com.br\/35anos\/wp-content\/uploads\/2024\/06\/BANNER-7-1-570x570.png 570w, https:\/\/sinprosm.com.br\/35anos\/wp-content\/uploads\/2024\/06\/BANNER-7-1-500x500.png 500w\" sizes=\"auto, (max-width: 150px) 100vw, 150px\" \/>\t\t\t\t\t\t<span class=\"aig-gallery-hover\">\n\t\t\t\t\t\t\t\t\t\t\t\t\t<\/span>\n\t\t\t\t\t\t\t\t\t\t\t<\/a>\n\t\t\t\t\t\t\t\t\t<\/div>\n\t\t\t<\/div>\n\t\t\t\t\t\t\t\t\t\t\t<div class=\"qode-aig-image qode-item-space qode-aig-default-masonry-item\">\n\t\t\t\t<div class=\"qode-aig-image-inner\">\n\t\t\t\t\t\t\t\t\t\t\t<a itemprop=\"image\" class=\"qode-aig-lightbox\" href=\"https:\/\/sinprosm.com.br\/35anos\/wp-content\/uploads\/2024\/06\/BANNER-7-2.png\" data-rel=\"prettyPhoto[image_gallery_pretty_photo-159]\" title=\"BANNER 7 &#8211; 2\">\n\t\t\t\t\t\t\t\t\t\t\t\t\t<img loading=\"lazy\" decoding=\"async\" width=\"150\" height=\"150\" src=\"https:\/\/sinprosm.com.br\/35anos\/wp-content\/uploads\/2024\/06\/BANNER-7-2-150x150.png\" class=\"attachment-thumbnail size-thumbnail\" alt=\"\" srcset=\"https:\/\/sinprosm.com.br\/35anos\/wp-content\/uploads\/2024\/06\/BANNER-7-2-150x150.png 150w, https:\/\/sinprosm.com.br\/35anos\/wp-content\/uploads\/2024\/06\/BANNER-7-2-570x570.png 570w, https:\/\/sinprosm.com.br\/35anos\/wp-content\/uploads\/2024\/06\/BANNER-7-2-500x500.png 500w\" sizes=\"auto, (max-width: 150px) 100vw, 150px\" \/>\t\t\t\t\t\t<span class=\"aig-gallery-hover\">\n\t\t\t\t\t\t\t\t\t\t\t\t\t<\/span>\n\t\t\t\t\t\t\t\t\t\t\t<\/a>\n\t\t\t\t\t\t\t\t\t<\/div>\n\t\t\t<\/div>\n\t\t\t\t\t\t\t\t\t\t\t<div class=\"qode-aig-image qode-item-space qode-aig-default-masonry-item\">\n\t\t\t\t<div class=\"qode-aig-image-inner\">\n\t\t\t\t\t\t\t\t\t\t\t<a itemprop=\"image\" class=\"qode-aig-lightbox\" href=\"https:\/\/sinprosm.com.br\/35anos\/wp-content\/uploads\/2024\/06\/BANNER-7-3.png\" data-rel=\"prettyPhoto[image_gallery_pretty_photo-159]\" title=\"BANNER 7 &#8211; 3\">\n\t\t\t\t\t\t\t\t\t\t\t\t\t<img loading=\"lazy\" decoding=\"async\" width=\"150\" height=\"150\" src=\"https:\/\/sinprosm.com.br\/35anos\/wp-content\/uploads\/2024\/06\/BANNER-7-3-150x150.png\" class=\"attachment-thumbnail size-thumbnail\" alt=\"\" srcset=\"https:\/\/sinprosm.com.br\/35anos\/wp-content\/uploads\/2024\/06\/BANNER-7-3-150x150.png 150w, https:\/\/sinprosm.com.br\/35anos\/wp-content\/uploads\/2024\/06\/BANNER-7-3-570x570.png 570w, https:\/\/sinprosm.com.br\/35anos\/wp-content\/uploads\/2024\/06\/BANNER-7-3-500x500.png 500w\" sizes=\"auto, (max-width: 150px) 100vw, 150px\" \/>\t\t\t\t\t\t<span class=\"aig-gallery-hover\">\n\t\t\t\t\t\t\t\t\t\t\t\t\t<\/span>\n\t\t\t\t\t\t\t\t\t\t\t<\/a>\n\t\t\t\t\t\t\t\t\t<\/div>\n\t\t\t<\/div>\n\t\t\t\t\t\t\t\t\t\t\t<div class=\"qode-aig-image qode-item-space qode-aig-default-masonry-item\">\n\t\t\t\t<div class=\"qode-aig-image-inner\">\n\t\t\t\t\t\t\t\t\t\t\t<a itemprop=\"image\" class=\"qode-aig-lightbox\" href=\"https:\/\/sinprosm.com.br\/35anos\/wp-content\/uploads\/2024\/06\/BANNER-7-4.png\" data-rel=\"prettyPhoto[image_gallery_pretty_photo-159]\" title=\"BANNER 7 &#8211; 4\">\n\t\t\t\t\t\t\t\t\t\t\t\t\t<img loading=\"lazy\" decoding=\"async\" width=\"150\" height=\"150\" src=\"https:\/\/sinprosm.com.br\/35anos\/wp-content\/uploads\/2024\/06\/BANNER-7-4-150x150.png\" class=\"attachment-thumbnail size-thumbnail\" alt=\"\" srcset=\"https:\/\/sinprosm.com.br\/35anos\/wp-content\/uploads\/2024\/06\/BANNER-7-4-150x150.png 150w, https:\/\/sinprosm.com.br\/35anos\/wp-content\/uploads\/2024\/06\/BANNER-7-4-570x570.png 570w, https:\/\/sinprosm.com.br\/35anos\/wp-content\/uploads\/2024\/06\/BANNER-7-4-500x500.png 500w\" sizes=\"auto, (max-width: 150px) 100vw, 150px\" \/>\t\t\t\t\t\t<span class=\"aig-gallery-hover\">\n\t\t\t\t\t\t\t\t\t\t\t\t\t<\/span>\n\t\t\t\t\t\t\t\t\t\t\t<\/a>\n\t\t\t\t\t\t\t\t\t<\/div>\n\t\t\t<\/div>\n\t\t\t\t\t\t\t\t\t\t\t<div class=\"qode-aig-image qode-item-space qode-aig-default-masonry-item\">\n\t\t\t\t<div class=\"qode-aig-image-inner\">\n\t\t\t\t\t\t\t\t\t\t\t<a itemprop=\"image\" class=\"qode-aig-lightbox\" href=\"https:\/\/sinprosm.com.br\/35anos\/wp-content\/uploads\/2024\/06\/BANNER-7-5.png\" data-rel=\"prettyPhoto[image_gallery_pretty_photo-159]\" title=\"BANNER 7 &#8211; 5\">\n\t\t\t\t\t\t\t\t\t\t\t\t\t<img loading=\"lazy\" decoding=\"async\" width=\"150\" height=\"150\" src=\"https:\/\/sinprosm.com.br\/35anos\/wp-content\/uploads\/2024\/06\/BANNER-7-5-150x150.png\" class=\"attachment-thumbnail size-thumbnail\" alt=\"\" srcset=\"https:\/\/sinprosm.com.br\/35anos\/wp-content\/uploads\/2024\/06\/BANNER-7-5-150x150.png 150w, https:\/\/sinprosm.com.br\/35anos\/wp-content\/uploads\/2024\/06\/BANNER-7-5-570x570.png 570w, https:\/\/sinprosm.com.br\/35anos\/wp-content\/uploads\/2024\/06\/BANNER-7-5-500x500.png 500w\" sizes=\"auto, (max-width: 150px) 100vw, 150px\" \/>\t\t\t\t\t\t<span class=\"aig-gallery-hover\">\n\t\t\t\t\t\t\t\t\t\t\t\t\t<\/span>\n\t\t\t\t\t\t\t\t\t\t\t<\/a>\n\t\t\t\t\t\t\t\t\t<\/div>\n\t\t\t<\/div>\n\t\t\t\t\t\t\t\t\t\t\t<div class=\"qode-aig-image qode-item-space qode-aig-default-masonry-item\">\n\t\t\t\t<div class=\"qode-aig-image-inner\">\n\t\t\t\t\t\t\t\t\t\t\t<a itemprop=\"image\" class=\"qode-aig-lightbox\" href=\"https:\/\/sinprosm.com.br\/35anos\/wp-content\/uploads\/2024\/06\/BANNER-7-6.png\" data-rel=\"prettyPhoto[image_gallery_pretty_photo-159]\" title=\"BANNER 7 &#8211; 6\">\n\t\t\t\t\t\t\t\t\t\t\t\t\t<img loading=\"lazy\" decoding=\"async\" width=\"150\" height=\"150\" src=\"https:\/\/sinprosm.com.br\/35anos\/wp-content\/uploads\/2024\/06\/BANNER-7-6-150x150.png\" class=\"attachment-thumbnail size-thumbnail\" alt=\"\" srcset=\"https:\/\/sinprosm.com.br\/35anos\/wp-content\/uploads\/2024\/06\/BANNER-7-6-150x150.png 150w, https:\/\/sinprosm.com.br\/35anos\/wp-content\/uploads\/2024\/06\/BANNER-7-6-570x570.png 570w, https:\/\/sinprosm.com.br\/35anos\/wp-content\/uploads\/2024\/06\/BANNER-7-6-500x500.png 500w\" sizes=\"auto, (max-width: 150px) 100vw, 150px\" \/>\t\t\t\t\t\t<span class=\"aig-gallery-hover\">\n\t\t\t\t\t\t\t\t\t\t\t\t\t<\/span>\n\t\t\t\t\t\t\t\t\t\t\t<\/a>\n\t\t\t\t\t\t\t\t\t<\/div>\n\t\t\t<\/div>\n\t\t\t\t\t\t<\/div>\n<\/div>[vc_empty_space height=&#8221;18px&#8221;][vc_column_text css=&#8221;&#8221;]<\/p>\n<h6><a href=\"https:\/\/sinprosm.com.br\/35anos\/\">Voltar<\/a><\/h6>\n<p>[\/vc_column_text][\/vc_column][\/vc_row]<\/p>\n<\/div>","protected":false},"excerpt":{"rendered":"<p>[vc_row css_animation=&#8221;&#8221; row_type=&#8221;row&#8221; use_row_as_full_screen_section=&#8221;no&#8221; type=&#8221;grid&#8221; angled_section=&#8221;no&#8221; text_align=&#8221;left&#8221; background_image_as_pattern=&#8221;without_pattern&#8221; anchor=&#8221;about&#8221; css=&#8221;.vc_custom_1467272775778{padding-top: 7% !important;padding-bottom: 6.5% !important;}&#8221;][vc_column css=&#8221;.vc_custom_1718327806691{padding-right: 5% !important;padding-left: 5% !important;}&#8221;][vc_column_text css=&#8221;.vc_custom_1718564334425{padding-top: 20px !important;padding-bottom: 20px !important;}&#8221;] [\/vc_column_text][vc_column_text css=&#8221;.vc_custom_1718338231640{padding-top: 20px !important;padding-bottom: 20px !important;}&#8221;] Para Al\u00e9m Da Luta [\/vc_column_text][vc_column_text css=&#8221;&#8221;]O Sindicato busca promover a INTEGRA\u00c7\u00c3O, a SA\u00daDE e BEM-ESTAR&#8230;<\/p>\n","protected":false},"author":1,"featured_media":0,"parent":0,"menu_order":0,"comment_status":"closed","ping_status":"closed","template":"full_width.php","meta":{"footnotes":""},"class_list":["post-507","page","type-page","status-publish","hentry"],"_links":{"self":[{"href":"https:\/\/sinprosm.com.br\/35anos\/wp-json\/wp\/v2\/pages\/507","targetHints":{"allow":["GET"]}}],"collection":[{"href":"https:\/\/sinprosm.com.br\/35anos\/wp-json\/wp\/v2\/pages"}],"about":[{"href":"https:\/\/sinprosm.com.br\/35anos\/wp-json\/wp\/v2\/types\/page"}],"author":[{"embeddable":true,"href":"https:\/\/sinprosm.com.br\/35anos\/wp-json\/wp\/v2\/users\/1"}],"replies":[{"embeddable":true,"href":"https:\/\/sinprosm.com.br\/35anos\/wp-json\/wp\/v2\/comments?post=507"}],"version-history":[{"count":4,"href":"https:\/\/sinprosm.com.br\/35anos\/wp-json\/wp\/v2\/pages\/507\/revisions"}],"predecessor-version":[{"id":607,"href":"https:\/\/sinprosm.com.br\/35anos\/wp-json\/wp\/v2\/pages\/507\/revisions\/607"}],"wp:attachment":[{"href":"https:\/\/sinprosm.com.br\/35anos\/wp-json\/wp\/v2\/media?parent=507"}],"curies":[{"name":"wp","href":"https:\/\/api.w.org\/{rel}","templated":true}]}}