{"id":473,"date":"2024-06-14T00:36:56","date_gmt":"2024-06-14T03:36:56","guid":{"rendered":"https:\/\/sinprosm.com.br\/35anos\/?page_id=473"},"modified":"2024-06-16T18:13:39","modified_gmt":"2024-06-16T21:13:39","slug":"finalidade","status":"publish","type":"page","link":"https:\/\/sinprosm.com.br\/35anos\/finalidade\/","title":{"rendered":"Finalidade"},"content":{"rendered":"<div class=\"wpb-content-wrapper\"><p>[vc_row css_animation=&#8221;&#8221; row_type=&#8221;row&#8221; use_row_as_full_screen_section=&#8221;no&#8221; type=&#8221;grid&#8221; angled_section=&#8221;no&#8221; text_align=&#8221;left&#8221; background_image_as_pattern=&#8221;without_pattern&#8221; anchor=&#8221;about&#8221; css=&#8221;.vc_custom_1467272775778{padding-top: 7% !important;padding-bottom: 6.5% !important;}&#8221;][vc_column css=&#8221;.vc_custom_1718327806691{padding-right: 5% !important;padding-left: 5% !important;}&#8221;][vc_column_text css=&#8221;.vc_custom_1718563989479{padding-top: 20px !important;padding-bottom: 20px !important;}&#8221;]<\/p>\n<p style=\"text-align: center;\"><iframe loading=\"lazy\" title=\"YouTube video player\" src=\"https:\/\/www.youtube.com\/embed\/4Dm4hHoa0Ow?si=6RHBOD-m-maQIH2J\" width=\"560\" height=\"315\" frameborder=\"0\" allowfullscreen=\"allowfullscreen\"><\/iframe><\/p>\n<p>[\/vc_column_text][vc_column_text css=&#8221;.vc_custom_1718336193825{padding-top: 20px !important;padding-bottom: 20px !important;}&#8221;]<\/p>\n<h2 style=\"text-align: center;\">Finalidade<\/h2>\n<p>[\/vc_column_text][vc_column_text css=&#8221;&#8221;]Artigo 2\u00ba Sua finalidade principal \u00e9 lutar por melhorias nas condi\u00e7\u00f5es de vida e de trabalho dos seus representados; melhoria na qualidade de ensino; pela independ\u00eancia e autonomia da representa\u00e7\u00e3o sindical; pela manuten\u00e7\u00e3o e defesa das institui\u00e7\u00f5es democr\u00e1ticas brasileiras; defender a solidariedade entre os povos; os direitos humanos; as liberdades individuais e coletivas; a justi\u00e7a social; os direitos fundamentais dos homens; da defesa do consumidor e da ecologia. &#8211; Estatuto do Sindicato dos Professores Municipais de Santa Maria[\/vc_column_text][vc_empty_space height=&#8221;18px&#8221;]<div class=\"qode-advanced-image-gallery  qode-aig-grid-type qode-large-space  qode-image-behavior-lightbox \">\n\t<div class=\"qode-aig-inner qode-outer-space qode-aig-grid qode-aig-four-columns\">\n\t\t\t\t\t<div class=\"qode-aig-image qode-item-space\">\n\t\t\t\t<div class=\"qode-aig-image-inner\">\n\t\t\t\t\t\t\t\t\t\t\t<a itemprop=\"image\" class=\"qode-aig-lightbox\" href=\"https:\/\/sinprosm.com.br\/35anos\/wp-content\/uploads\/2024\/06\/1-2.png\" data-rel=\"prettyPhoto[image_gallery_pretty_photo-191]\" title=\"1\">\n\t\t\t\t\t\t\t\t\t\t\t<img loading=\"lazy\" decoding=\"async\" width=\"1000\" height=\"891\" src=\"https:\/\/sinprosm.com.br\/35anos\/wp-content\/uploads\/2024\/06\/1-2.png\" class=\"attachment-large size-large\" alt=\"\" srcset=\"https:\/\/sinprosm.com.br\/35anos\/wp-content\/uploads\/2024\/06\/1-2.png 1000w, https:\/\/sinprosm.com.br\/35anos\/wp-content\/uploads\/2024\/06\/1-2-300x267.png 300w, https:\/\/sinprosm.com.br\/35anos\/wp-content\/uploads\/2024\/06\/1-2-768x684.png 768w, https:\/\/sinprosm.com.br\/35anos\/wp-content\/uploads\/2024\/06\/1-2-700x624.png 700w\" sizes=\"auto, (max-width: 1000px) 100vw, 1000px\" \/>\t\t\t\t\t\t<span class=\"aig-gallery-hover\">\n\t\t\t\t\t\t\t\t\t\t\t\t\t<\/span>\n\t\t\t\t\t\t\t\t\t\t\t<\/a>\n\t\t\t\t\t\t\t\t\t<\/div>\n\t\t\t<\/div>\n\t\t\t\t\t\t\t\t<div class=\"qode-aig-image qode-item-space\">\n\t\t\t\t<div class=\"qode-aig-image-inner\">\n\t\t\t\t\t\t\t\t\t\t\t<a itemprop=\"image\" class=\"qode-aig-lightbox\" href=\"https:\/\/sinprosm.com.br\/35anos\/wp-content\/uploads\/2024\/06\/1-1.png\" data-rel=\"prettyPhoto[image_gallery_pretty_photo-191]\" title=\"1\">\n\t\t\t\t\t\t\t\t\t\t\t<img loading=\"lazy\" decoding=\"async\" width=\"1000\" height=\"612\" src=\"https:\/\/sinprosm.com.br\/35anos\/wp-content\/uploads\/2024\/06\/1-1.png\" class=\"attachment-large size-large\" alt=\"\" srcset=\"https:\/\/sinprosm.com.br\/35anos\/wp-content\/uploads\/2024\/06\/1-1.png 1000w, https:\/\/sinprosm.com.br\/35anos\/wp-content\/uploads\/2024\/06\/1-1-300x184.png 300w, https:\/\/sinprosm.com.br\/35anos\/wp-content\/uploads\/2024\/06\/1-1-768x470.png 768w, https:\/\/sinprosm.com.br\/35anos\/wp-content\/uploads\/2024\/06\/1-1-700x428.png 700w\" sizes=\"auto, (max-width: 1000px) 100vw, 1000px\" \/>\t\t\t\t\t\t<span class=\"aig-gallery-hover\">\n\t\t\t\t\t\t\t\t\t\t\t\t\t<\/span>\n\t\t\t\t\t\t\t\t\t\t\t<\/a>\n\t\t\t\t\t\t\t\t\t<\/div>\n\t\t\t<\/div>\n\t\t\t\t\t\t\t\t<div class=\"qode-aig-image qode-item-space\">\n\t\t\t\t<div class=\"qode-aig-image-inner\">\n\t\t\t\t\t\t\t\t\t\t\t<a itemprop=\"image\" class=\"qode-aig-lightbox\" href=\"https:\/\/sinprosm.com.br\/35anos\/wp-content\/uploads\/2024\/06\/2-1.png\" data-rel=\"prettyPhoto[image_gallery_pretty_photo-191]\" title=\"2\">\n\t\t\t\t\t\t\t\t\t\t\t<img loading=\"lazy\" decoding=\"async\" width=\"1000\" height=\"635\" src=\"https:\/\/sinprosm.com.br\/35anos\/wp-content\/uploads\/2024\/06\/2-1.png\" class=\"attachment-large size-large\" alt=\"\" srcset=\"https:\/\/sinprosm.com.br\/35anos\/wp-content\/uploads\/2024\/06\/2-1.png 1000w, https:\/\/sinprosm.com.br\/35anos\/wp-content\/uploads\/2024\/06\/2-1-300x191.png 300w, https:\/\/sinprosm.com.br\/35anos\/wp-content\/uploads\/2024\/06\/2-1-768x488.png 768w, https:\/\/sinprosm.com.br\/35anos\/wp-content\/uploads\/2024\/06\/2-1-700x445.png 700w\" sizes=\"auto, (max-width: 1000px) 100vw, 1000px\" \/>\t\t\t\t\t\t<span class=\"aig-gallery-hover\">\n\t\t\t\t\t\t\t\t\t\t\t\t\t<\/span>\n\t\t\t\t\t\t\t\t\t\t\t<\/a>\n\t\t\t\t\t\t\t\t\t<\/div>\n\t\t\t<\/div>\n\t\t\t\t\t\t\t\t<div class=\"qode-aig-image qode-item-space\">\n\t\t\t\t<div class=\"qode-aig-image-inner\">\n\t\t\t\t\t\t\t\t\t\t\t<a itemprop=\"image\" class=\"qode-aig-lightbox\" href=\"https:\/\/sinprosm.com.br\/35anos\/wp-content\/uploads\/2024\/06\/3-1.png\" data-rel=\"prettyPhoto[image_gallery_pretty_photo-191]\" title=\"3\">\n\t\t\t\t\t\t\t\t\t\t\t<img loading=\"lazy\" decoding=\"async\" width=\"1000\" height=\"636\" src=\"https:\/\/sinprosm.com.br\/35anos\/wp-content\/uploads\/2024\/06\/3-1.png\" class=\"attachment-large size-large\" alt=\"\" srcset=\"https:\/\/sinprosm.com.br\/35anos\/wp-content\/uploads\/2024\/06\/3-1.png 1000w, https:\/\/sinprosm.com.br\/35anos\/wp-content\/uploads\/2024\/06\/3-1-300x191.png 300w, https:\/\/sinprosm.com.br\/35anos\/wp-content\/uploads\/2024\/06\/3-1-768x488.png 768w, https:\/\/sinprosm.com.br\/35anos\/wp-content\/uploads\/2024\/06\/3-1-700x445.png 700w\" sizes=\"auto, (max-width: 1000px) 100vw, 1000px\" \/>\t\t\t\t\t\t<span class=\"aig-gallery-hover\">\n\t\t\t\t\t\t\t\t\t\t\t\t\t<\/span>\n\t\t\t\t\t\t\t\t\t\t\t<\/a>\n\t\t\t\t\t\t\t\t\t<\/div>\n\t\t\t<\/div>\n\t\t\t\t\t\t<\/div>\n<\/div>[vc_empty_space height=&#8221;18px&#8221;][vc_column_text css=&#8221;&#8221;]<\/p>\n<h6><a href=\"https:\/\/sinprosm.com.br\/35anos\/\">Voltar<\/a><\/h6>\n<p>[\/vc_column_text][\/vc_column][\/vc_row]<\/p>\n<\/div>","protected":false},"excerpt":{"rendered":"<p>[vc_row css_animation=&#8221;&#8221; row_type=&#8221;row&#8221; use_row_as_full_screen_section=&#8221;no&#8221; type=&#8221;grid&#8221; angled_section=&#8221;no&#8221; text_align=&#8221;left&#8221; background_image_as_pattern=&#8221;without_pattern&#8221; anchor=&#8221;about&#8221; css=&#8221;.vc_custom_1467272775778{padding-top: 7% !important;padding-bottom: 6.5% !important;}&#8221;][vc_column css=&#8221;.vc_custom_1718327806691{padding-right: 5% !important;padding-left: 5% !important;}&#8221;][vc_column_text css=&#8221;.vc_custom_1718563989479{padding-top: 20px !important;padding-bottom: 20px !important;}&#8221;] [\/vc_column_text][vc_column_text css=&#8221;.vc_custom_1718336193825{padding-top: 20px !important;padding-bottom: 20px !important;}&#8221;] Finalidade [\/vc_column_text][vc_column_text css=&#8221;&#8221;]Artigo 2\u00ba Sua finalidade principal \u00e9 lutar por melhorias nas condi\u00e7\u00f5es de vida&#8230;<\/p>\n","protected":false},"author":1,"featured_media":0,"parent":0,"menu_order":0,"comment_status":"closed","ping_status":"closed","template":"full_width.php","meta":{"footnotes":""},"class_list":["post-473","page","type-page","status-publish","hentry"],"_links":{"self":[{"href":"https:\/\/sinprosm.com.br\/35anos\/wp-json\/wp\/v2\/pages\/473","targetHints":{"allow":["GET"]}}],"collection":[{"href":"https:\/\/sinprosm.com.br\/35anos\/wp-json\/wp\/v2\/pages"}],"about":[{"href":"https:\/\/sinprosm.com.br\/35anos\/wp-json\/wp\/v2\/types\/page"}],"author":[{"embeddable":true,"href":"https:\/\/sinprosm.com.br\/35anos\/wp-json\/wp\/v2\/users\/1"}],"replies":[{"embeddable":true,"href":"https:\/\/sinprosm.com.br\/35anos\/wp-json\/wp\/v2\/comments?post=473"}],"version-history":[{"count":11,"href":"https:\/\/sinprosm.com.br\/35anos\/wp-json\/wp\/v2\/pages\/473\/revisions"}],"predecessor-version":[{"id":592,"href":"https:\/\/sinprosm.com.br\/35anos\/wp-json\/wp\/v2\/pages\/473\/revisions\/592"}],"wp:attachment":[{"href":"https:\/\/sinprosm.com.br\/35anos\/wp-json\/wp\/v2\/media?parent=473"}],"curies":[{"name":"wp","href":"https:\/\/api.w.org\/{rel}","templated":true}]}}