{"id":361,"date":"2024-06-10T15:06:11","date_gmt":"2024-06-10T18:06:11","guid":{"rendered":"https:\/\/sinprosm.com.br\/35anos\/?page_id=361"},"modified":"2024-06-16T15:46:07","modified_gmt":"2024-06-16T18:46:07","slug":"luta","status":"publish","type":"page","link":"https:\/\/sinprosm.com.br\/35anos\/luta\/","title":{"rendered":"Luta"},"content":{"rendered":"<div class=\"wpb-content-wrapper\"><p>[vc_row css_animation=&#8221;&#8221; row_type=&#8221;row&#8221; use_row_as_full_screen_section=&#8221;no&#8221; type=&#8221;grid&#8221; angled_section=&#8221;no&#8221; text_align=&#8221;left&#8221; background_image_as_pattern=&#8221;without_pattern&#8221; anchor=&#8221;about&#8221; css=&#8221;.vc_custom_1467272775778{padding-top: 7% !important;padding-bottom: 6.5% !important;}&#8221;][vc_column css=&#8221;.vc_custom_1718327806691{padding-right: 5% !important;padding-left: 5% !important;}&#8221;][vc_column_text css=&#8221;.vc_custom_1718327620774{padding-top: 20px !important;padding-bottom: 20px !important;}&#8221;]<\/p>\n<h2 style=\"text-align: center;\">SINPROSM 35 anos: lutas, conquistas e desafios<\/h2>\n<p>[\/vc_column_text][vc_column_text css=&#8221;&#8221;]<\/p>\n<p style=\"text-align: center;\"><iframe loading=\"lazy\" title=\"YouTube video player\" src=\"https:\/\/www.youtube.com\/embed\/YuocEtgwmmw?si=8HIkI2zu4UO6_SZM\" width=\"560\" height=\"315\" frameborder=\"0\" allowfullscreen=\"allowfullscreen\"><\/iframe><\/p>\n<p>[\/vc_column_text][vc_empty_space height=&#8221;18px&#8221;][vc_column_text css=&#8221;&#8221;]<a href=\"http:\/\/sinprosm.com.br\/35anos\/wp-content\/uploads\/2024\/06\/Foto-Lutas-Elemento.png\"><img loading=\"lazy\" decoding=\"async\" class=\"alignleft wp-image-383\" src=\"http:\/\/sinprosm.com.br\/35anos\/wp-content\/uploads\/2024\/06\/Foto-Lutas-Elemento-300x170.png\" alt=\"\" width=\"350\" height=\"198\" srcset=\"https:\/\/sinprosm.com.br\/35anos\/wp-content\/uploads\/2024\/06\/Foto-Lutas-Elemento-300x170.png 300w, https:\/\/sinprosm.com.br\/35anos\/wp-content\/uploads\/2024\/06\/Foto-Lutas-Elemento-768x434.png 768w, https:\/\/sinprosm.com.br\/35anos\/wp-content\/uploads\/2024\/06\/Foto-Lutas-Elemento-700x396.png 700w, https:\/\/sinprosm.com.br\/35anos\/wp-content\/uploads\/2024\/06\/Foto-Lutas-Elemento-539x303.png 539w, https:\/\/sinprosm.com.br\/35anos\/wp-content\/uploads\/2024\/06\/Foto-Lutas-Elemento.png 1000w\" sizes=\"auto, (max-width: 350px) 100vw, 350px\" \/><\/a>Os 35 anos de exist\u00eancia do Sindicato dos Professores Municipais de Santa Maria RS, somados aos anos da Associa\u00e7\u00e3o dos Professores do Munic\u00edpio, s\u00e3o marcados pelas lutas, mobiliza\u00e7\u00f5es e posicionamentos firmes e decisivos na defesa dos direitos da categoria.<\/p>\n<p>1979 &#8211; Forma\u00e7\u00e3o de uma comiss\u00e3o para a cria\u00e7\u00e3o da Associa\u00e7\u00e3o dos Professores Municipais<br \/>\n1979 &#8211; Primeira edi\u00e7\u00e3o do Boletim Informativo<br \/>\n1980 &#8211; Funda\u00e7\u00e3o da Associa\u00e7\u00e3o dos Professores Municipais (APM)<br \/>\n1981 &#8211; Dissolu\u00e7\u00e3o da APM com a demiss\u00e3o da Diretoria<br \/>\n<img loading=\"lazy\" decoding=\"async\" class=\"alignright wp-image-381\" src=\"http:\/\/sinprosm.com.br\/35anos\/wp-content\/uploads\/2024\/06\/Foto-03-Banner-Linha-Tempo-300x200.png\" alt=\"\" width=\"350\" height=\"233\" srcset=\"https:\/\/sinprosm.com.br\/35anos\/wp-content\/uploads\/2024\/06\/Foto-03-Banner-Linha-Tempo-300x200.png 300w, https:\/\/sinprosm.com.br\/35anos\/wp-content\/uploads\/2024\/06\/Foto-03-Banner-Linha-Tempo-768x511.png 768w, https:\/\/sinprosm.com.br\/35anos\/wp-content\/uploads\/2024\/06\/Foto-03-Banner-Linha-Tempo-700x466.png 700w, https:\/\/sinprosm.com.br\/35anos\/wp-content\/uploads\/2024\/06\/Foto-03-Banner-Linha-Tempo.png 1000w\" sizes=\"auto, (max-width: 350px) 100vw, 350px\" \/>1988 &#8211; Greve dos servidores\/professores do munic\u00edpio<br \/>\n1989 \u2013 Funda\u00e7\u00e3o do Sindicato dos Professores Municipais de Santa Maria &#8211; RS (SINPROSM), com sede provis\u00f3ria junto ao Sindicato dos Banc\u00e1rios.<br \/>\n1990 \u2013 Mobiliza\u00e7\u00e3o para discuss\u00e3o do Projeto de Lei do Executivo que estabeleceu o Plano de Carreira do Magist\u00e9rio P\u00fablico do Munic\u00edpio (Lei Municipal n\u00ba 3233, de 30\/07\/1990), bem como o Regime Jur\u00eddico \u00danico (RJU)<br \/>\n1991 \u2013 Publica\u00e7\u00e3o do Jornal Primeira Classe<br \/>\n1992 \u2013 Mobiliza\u00e7\u00f5es e discuss\u00f5es para aprova\u00e7\u00e3o do Fundo de Previd\u00eancia e Assist\u00eancia do Servidor (FUNDOPAS) Santa Maria RS<br \/>\n1995 &#8211; Oficina de ideias (Sinprosm\/Sinpro), apoio UFSM<br \/>\n1999 &#8211; Inaugura\u00e7\u00e3o da Sede SINPROSM na Torre GBOEX<br \/>\n2000 &#8211; Greve dos professores devido ao n\u00e3o pagamentos de sal\u00e1rios<br \/>\n<img loading=\"lazy\" decoding=\"async\" class=\"alignleft wp-image-380\" src=\"http:\/\/sinprosm.com.br\/35anos\/wp-content\/uploads\/2024\/06\/Foto-02-Banner-Linha-Tempo-300x200.png\" alt=\"\" width=\"350\" height=\"233\" srcset=\"https:\/\/sinprosm.com.br\/35anos\/wp-content\/uploads\/2024\/06\/Foto-02-Banner-Linha-Tempo-300x200.png 300w, https:\/\/sinprosm.com.br\/35anos\/wp-content\/uploads\/2024\/06\/Foto-02-Banner-Linha-Tempo-768x512.png 768w, https:\/\/sinprosm.com.br\/35anos\/wp-content\/uploads\/2024\/06\/Foto-02-Banner-Linha-Tempo-700x467.png 700w, https:\/\/sinprosm.com.br\/35anos\/wp-content\/uploads\/2024\/06\/Foto-02-Banner-Linha-Tempo.png 1000w\" sizes=\"auto, (max-width: 350px) 100vw, 350px\" \/>1999-2003 &#8211; Mobiliza\u00e7\u00e3o para atualiza\u00e7\u00e3o do Plano de Carreira para o magist\u00e9rio p\u00fablico municipal<br \/>\n2000- Mobiliza\u00e7\u00e3o para cria\u00e7\u00e3o do Instituto de Previd\u00eancia e Assist\u00eancia \u00e0 Sa\u00fade dos Servidores P\u00fablicos Municipais de Santa Maria (IPASSPSM)<br \/>\n2004 &#8211; Escritura\u00e7\u00e3o da sede SINPROSM na Sala GBOEX<br \/>\n2006 \u2013 Realiza\u00e7\u00e3o do I Semin\u00e1rio Educa\u00e7\u00e3o em Foco<br \/>\n2006 &#8211; Promo\u00e7\u00e3o do Jantar Baile<br \/>\n2006 &#8211; Promo\u00e7\u00e3o do Ch\u00e1 das aposentadas<br \/>\n2009 \u2013 Aquisi\u00e7\u00e3o da sede SINPROSM na Rua Andr\u00e9 Marques, 418 &#8211; Santa Maria\/RS<br \/>\n2010 &#8211; Filia\u00e7\u00e3o Confedera\u00e7\u00e3o Nacional dos Trabalhadores em Educa\u00e7\u00e3o (CNTE)<br \/>\n2014 &#8211; Cria\u00e7\u00e3o de espa\u00e7os de conviv\u00eancia<br \/>\n2020 \u2013 Pandemia de COVID-19: defesa de medidas de prote\u00e7\u00e3o para os professores e seguran\u00e7a \u00e0s comunidades escolares<img loading=\"lazy\" decoding=\"async\" class=\"alignright wp-image-379\" src=\"http:\/\/sinprosm.com.br\/35anos\/wp-content\/uploads\/2024\/06\/Foto-01-Banner-Linha-Tempo-300x200.png\" alt=\"\" width=\"350\" height=\"233\" srcset=\"https:\/\/sinprosm.com.br\/35anos\/wp-content\/uploads\/2024\/06\/Foto-01-Banner-Linha-Tempo-300x200.png 300w, https:\/\/sinprosm.com.br\/35anos\/wp-content\/uploads\/2024\/06\/Foto-01-Banner-Linha-Tempo-768x512.png 768w, https:\/\/sinprosm.com.br\/35anos\/wp-content\/uploads\/2024\/06\/Foto-01-Banner-Linha-Tempo-700x467.png 700w, https:\/\/sinprosm.com.br\/35anos\/wp-content\/uploads\/2024\/06\/Foto-01-Banner-Linha-Tempo.png 1000w\" sizes=\"auto, (max-width: 350px) 100vw, 350px\" \/>2021 \u2013 Greve ambiental<br \/>\n2022 &#8211; Comit\u00ea para estudos e implanta\u00e7\u00e3o do \u2153 da Hora-Atividade<br \/>\n2023 &#8211; Campanha salarial &#8211; a mais longa dos 35 anos!<br \/>\nLutas para implanta\u00e7\u00e3o da Hora-Atividade Greve parcial<br \/>\n2024 \u2013 Mobiliza\u00e7\u00e3o pelo 1\/3 de hora atividade, aplica\u00e7\u00e3o do reajuste do Piso Nacional na base da carreira, Amplia\u00e7\u00e3o da Licen\u00e7a Maternidade e Paternidade[\/vc_column_text][vc_empty_space height=&#8221;18px&#8221;][vc_column_text css=&#8221;&#8221;]<\/p>\n<h6><a href=\"https:\/\/sinprosm.com.br\/35anos\/\">Voltar<\/a><\/h6>\n<p>[\/vc_column_text][\/vc_column][vc_column][\/vc_column][\/vc_row]<\/p>\n<\/div>","protected":false},"excerpt":{"rendered":"<p>[vc_row css_animation=&#8221;&#8221; row_type=&#8221;row&#8221; use_row_as_full_screen_section=&#8221;no&#8221; type=&#8221;grid&#8221; angled_section=&#8221;no&#8221; text_align=&#8221;left&#8221; background_image_as_pattern=&#8221;without_pattern&#8221; anchor=&#8221;about&#8221; css=&#8221;.vc_custom_1467272775778{padding-top: 7% !important;padding-bottom: 6.5% !important;}&#8221;][vc_column css=&#8221;.vc_custom_1718327806691{padding-right: 5% !important;padding-left: 5% !important;}&#8221;][vc_column_text css=&#8221;.vc_custom_1718327620774{padding-top: 20px !important;padding-bottom: 20px !important;}&#8221;] SINPROSM 35 anos: lutas, conquistas e desafios [\/vc_column_text][vc_column_text css=&#8221;&#8221;] [\/vc_column_text][vc_empty_space height=&#8221;18px&#8221;][vc_column_text css=&#8221;&#8221;]Os 35 anos de exist\u00eancia do Sindicato dos Professores Municipais&#8230;<\/p>\n","protected":false},"author":1,"featured_media":0,"parent":0,"menu_order":0,"comment_status":"closed","ping_status":"closed","template":"full_width.php","meta":{"footnotes":""},"class_list":["post-361","page","type-page","status-publish","hentry"],"_links":{"self":[{"href":"https:\/\/sinprosm.com.br\/35anos\/wp-json\/wp\/v2\/pages\/361","targetHints":{"allow":["GET"]}}],"collection":[{"href":"https:\/\/sinprosm.com.br\/35anos\/wp-json\/wp\/v2\/pages"}],"about":[{"href":"https:\/\/sinprosm.com.br\/35anos\/wp-json\/wp\/v2\/types\/page"}],"author":[{"embeddable":true,"href":"https:\/\/sinprosm.com.br\/35anos\/wp-json\/wp\/v2\/users\/1"}],"replies":[{"embeddable":true,"href":"https:\/\/sinprosm.com.br\/35anos\/wp-json\/wp\/v2\/comments?post=361"}],"version-history":[{"count":55,"href":"https:\/\/sinprosm.com.br\/35anos\/wp-json\/wp\/v2\/pages\/361\/revisions"}],"predecessor-version":[{"id":546,"href":"https:\/\/sinprosm.com.br\/35anos\/wp-json\/wp\/v2\/pages\/361\/revisions\/546"}],"wp:attachment":[{"href":"https:\/\/sinprosm.com.br\/35anos\/wp-json\/wp\/v2\/media?parent=361"}],"curies":[{"name":"wp","href":"https:\/\/api.w.org\/{rel}","templated":true}]}}