{"id":177,"date":"2016-06-24T08:40:18","date_gmt":"2016-06-24T08:40:18","guid":{"rendered":"http:\/\/bridge55.qodeinteractive.com\/?page_id=177"},"modified":"2024-06-17T14:59:02","modified_gmt":"2024-06-17T17:59:02","slug":"sinprosm-35anos","status":"publish","type":"page","link":"https:\/\/sinprosm.com.br\/35anos\/","title":{"rendered":"Sinprosm 35 Anos"},"content":{"rendered":"<div class=\"wpb-content-wrapper\"><p>[vc_row css_animation=&#8221;&#8221; row_type=&#8221;row&#8221; use_row_as_full_screen_section=&#8221;no&#8221; type=&#8221;grid&#8221; angled_section=&#8221;no&#8221; text_align=&#8221;left&#8221; background_image_as_pattern=&#8221;without_pattern&#8221; anchor=&#8221;about&#8221; css=&#8221;.vc_custom_1467272775778{padding-top: 7% !important;padding-bottom: 6.5% !important;}&#8221;][vc_column][qode_elements_holder number_of_columns=&#8221;two_columns&#8221; switch_to_one_column=&#8221;1000&#8243; alignment_one_column=&#8221;left&#8221;][qode_elements_holder_item advanced_animations=&#8221;no&#8221; item_padding=&#8221;0% 5% 0% 0%&#8221; item_padding_600_768=&#8221;0% 0% 0% 0%&#8221; item_padding_480_600=&#8221;0% 0% 0% 0%&#8221; item_padding_480=&#8221;0% 0% 0% 0%&#8221;][vc_single_image image=&#8221;350&#8243; img_size=&#8221;full&#8221; css=&#8221;&#8221; qode_css_animation=&#8221;&#8221;][\/qode_elements_holder_item][qode_elements_holder_item vertical_alignment=&#8221;middle&#8221; advanced_animations=&#8221;no&#8221; item_padding=&#8221;12% 0% 0% 3%&#8221; item_padding_600_768=&#8221;0% 0% 0% 0%&#8221; item_padding_480_600=&#8221;0% 0% 0% 0%&#8221; item_padding_480=&#8221;0% 0% 0% 0%&#8221;][vc_column_text css=&#8221;&#8221;]<\/p>\n<h2>SINPROSM 35 anos: lutas, conquistas e desafios<\/h2>\n<p>[\/vc_column_text][vc_empty_space height=&#8221;8px&#8221;][vc_column_text css=&#8221;&#8221;]Os 35 anos de exist\u00eancia do Sindicato dos Professores Municipais de Santa Maria RS, somados aos anos da Associa\u00e7\u00e3o dos Professores do Munic\u00edpio, s\u00e3o marcados pelas lutas, mobiliza\u00e7\u00f5es e posicionamentos firmes e decisivos na defesa dos direitos da categoria.[\/vc_column_text][vc_empty_space height=&#8221;18px&#8221;][vc_column_text css=&#8221;&#8221;]<\/p>\n<h6><a href=\"https:\/\/sinprosm.com.br\/35anos\/luta\/\">Saiba Mais<\/a><\/h6>\n<p>[\/vc_column_text][\/qode_elements_holder_item][\/qode_elements_holder][\/vc_column][\/vc_row][vc_row css_animation=&#8221;&#8221; row_type=&#8221;row&#8221; use_row_as_full_screen_section=&#8221;no&#8221; type=&#8221;grid&#8221; angled_section=&#8221;no&#8221; text_align=&#8221;left&#8221; background_image_as_pattern=&#8221;without_pattern&#8221; anchor=&#8221;services&#8221; css=&#8221;.vc_custom_1718041426073{padding-top: 7.9% !important;padding-bottom: 7.9% !important;background-color: #f6f6f6 !important;}&#8221; z_index=&#8221;&#8221;][vc_column][qode_elements_holder number_of_columns=&#8221;two_columns&#8221; switch_to_one_column=&#8221;1000&#8243; alignment_one_column=&#8221;left&#8221;][qode_elements_holder_item vertical_alignment=&#8221;middle&#8221; advanced_animations=&#8221;no&#8221; item_padding=&#8221;15% 0% 0% 0%&#8221; item_padding_600_768=&#8221;0% 0% 0% 0%&#8221; item_padding_480_600=&#8221;0% 0% 0% 0%&#8221; item_padding_480=&#8221;0% 0% 0% 0%&#8221;][vc_column_text css=&#8221;&#8221;]<\/p>\n<h2>ORGANIZANDO A LUTA &#8211; ASSOCIA\u00c7\u00c3O DE PROFESSORES MUNICIPAIS &#8211; APM<\/h2>\n<p>[\/vc_column_text][vc_empty_space height=&#8221;4px&#8221;][vc_column_text css=&#8221;&#8221;]No ano de 1979, os professores municipais de Santa Maria\/RS reuniram-se no intuito de organizar a categoria, reivindicando melhores sal\u00e1rios, condi\u00e7\u00f5es de trabalho e investimentos na educa\u00e7\u00e3o p\u00fablica municipal. Somavam-se a estes objetivos a forma\u00e7\u00e3o docente, a atualiza\u00e7\u00e3o pedag\u00f3gica e as lutas de trabalhadores em prol da retomada da democracia no pa\u00eds. Fundada em 18 de mar\u00e7o de 1980, a APM\/SM militou &#8211; cumprindo seus objetivos &#8211; at\u00e9 maio de 1981, quando a diretoria foi demitida de forma arbitr\u00e1ria pelo prefeito, fato que teve grande repercuss\u00e3o. Os professores tiveram sua exonera\u00e7\u00e3o revista, alguns por atos pessoais junto ao Executivo e outros por vias judiciais, por\u00e9m, era um caminho sem volta e a semente do sindicato estava lan\u00e7ada![\/vc_column_text][vc_empty_space height=&#8221;18px&#8221;][vc_column_text css=&#8221;&#8221;]<\/p>\n<h6><a href=\"https:\/\/sinprosm.com.br\/35anos\/organizando-a-luta\/\">Leia Mais<\/a><\/h6>\n<p>[\/vc_column_text][\/qode_elements_holder_item][qode_elements_holder_item advanced_animations=&#8221;no&#8221; item_padding=&#8221;0% 0% 0% 5%&#8221; item_padding_600_768=&#8221;0% 0% 0% 0%&#8221; item_padding_480_600=&#8221;0% 0% 0% 0%&#8221; item_padding_480=&#8221;0% 0% 0% 0%&#8221;][vc_single_image image=&#8221;428&#8243; img_size=&#8221;full&#8221; css=&#8221;&#8221; qode_css_animation=&#8221;&#8221;][\/qode_elements_holder_item][\/qode_elements_holder][\/vc_column][\/vc_row][vc_row css_animation=&#8221;&#8221; row_type=&#8221;row&#8221; use_row_as_full_screen_section=&#8221;no&#8221; type=&#8221;grid&#8221; angled_section=&#8221;no&#8221; text_align=&#8221;left&#8221; background_image_as_pattern=&#8221;without_pattern&#8221; anchor=&#8221;about&#8221; css=&#8221;.vc_custom_1467272775778{padding-top: 7% !important;padding-bottom: 6.5% !important;}&#8221;][vc_column][qode_elements_holder number_of_columns=&#8221;two_columns&#8221; switch_to_one_column=&#8221;1000&#8243; alignment_one_column=&#8221;left&#8221;][qode_elements_holder_item advanced_animations=&#8221;no&#8221; item_padding=&#8221;0% 5% 0% 0%&#8221; item_padding_600_768=&#8221;0% 0% 0% 0%&#8221; item_padding_480_600=&#8221;0% 0% 0% 0%&#8221; item_padding_480=&#8221;0% 0% 0% 0%&#8221;][vc_single_image image=&#8221;470&#8243; img_size=&#8221;full&#8221; css=&#8221;&#8221; qode_css_animation=&#8221;&#8221;][\/qode_elements_holder_item][qode_elements_holder_item vertical_alignment=&#8221;middle&#8221; advanced_animations=&#8221;no&#8221; item_padding=&#8221;12% 0% 0% 3%&#8221; item_padding_600_768=&#8221;0% 0% 0% 0%&#8221; item_padding_480_600=&#8221;0% 0% 0% 0%&#8221; item_padding_480=&#8221;0% 0% 0% 0%&#8221;][vc_column_text css=&#8221;&#8221;]<\/p>\n<h2>A funda\u00e7\u00e3o do Sindicato dos Professores Municipais de Santa Maria &#8211; SINPROSM<\/h2>\n<p>[\/vc_column_text][vc_empty_space height=&#8221;8px&#8221;][vc_column_text css=&#8221;&#8221;]A funda\u00e7\u00e3o ocorreu em setembro de 1989. Antecedeu este momento hist\u00f3rico novos movimentos de organiza\u00e7\u00e3o dos professores municipais em torno de lutas espec\u00edficas da categoria. Neste processo, atendendo ao resultado do plebiscito realizado em cada unidade escolar da rede municipal, ocorreu a desvincula\u00e7\u00e3o dos professores do Sindicato dos Municip\u00e1rios e criando-se, assim, o sindicato pr\u00f3prio.[\/vc_column_text][vc_empty_space height=&#8221;18px&#8221;][vc_column_text css=&#8221;&#8221;]<\/p>\n<h6><a href=\"https:\/\/sinprosm.com.br\/35anos\/a-fundacao-do-sinprosm\/\">Saiba Mais<\/a><\/h6>\n<p>[\/vc_column_text][\/qode_elements_holder_item][\/qode_elements_holder][\/vc_column][\/vc_row][vc_row css_animation=&#8221;&#8221; row_type=&#8221;row&#8221; use_row_as_full_screen_section=&#8221;no&#8221; type=&#8221;grid&#8221; angled_section=&#8221;no&#8221; text_align=&#8221;left&#8221; background_image_as_pattern=&#8221;without_pattern&#8221; anchor=&#8221;services&#8221; css=&#8221;.vc_custom_1718041426073{padding-top: 7.9% !important;padding-bottom: 7.9% !important;background-color: #f6f6f6 !important;}&#8221; z_index=&#8221;&#8221;][vc_column][qode_elements_holder number_of_columns=&#8221;two_columns&#8221; switch_to_one_column=&#8221;1000&#8243; alignment_one_column=&#8221;left&#8221;][qode_elements_holder_item vertical_alignment=&#8221;middle&#8221; advanced_animations=&#8221;no&#8221; item_padding=&#8221;15% 0% 0% 0%&#8221; item_padding_600_768=&#8221;0% 0% 0% 0%&#8221; item_padding_480_600=&#8221;0% 0% 0% 0%&#8221; item_padding_480=&#8221;0% 0% 0% 0%&#8221;][vc_column_text css=&#8221;&#8221;]<\/p>\n<h2>Finalidade<\/h2>\n<p>[\/vc_column_text][vc_empty_space height=&#8221;4px&#8221;][vc_column_text css=&#8221;&#8221;]Artigo 2\u00ba Sua finalidade principal \u00e9 lutar por melhorias nas condi\u00e7\u00f5es de vida e de trabalho dos seus representados; melhoria na qualidade de ensino; pela independ\u00eancia e autonomia da representa\u00e7\u00e3o sindical; pela manuten\u00e7\u00e3o e defesa das institui\u00e7\u00f5es democr\u00e1ticas brasileiras; defender a solidariedade entre os povos; os direitos humanos; as liberdades individuais e coletivas; a justi\u00e7a social; os direitos fundamentais dos homens; da defesa do consumidor e da ecologia. &#8211; Estatuto do Sindicato dos Professores Municipais de Santa Maria[\/vc_column_text][vc_empty_space height=&#8221;18px&#8221;][vc_column_text css=&#8221;&#8221;]<\/p>\n<h6><a href=\"https:\/\/sinprosm.com.br\/35anos\/finalidade\/\">Leia Mais<\/a><\/h6>\n<p>[\/vc_column_text][\/qode_elements_holder_item][qode_elements_holder_item advanced_animations=&#8221;no&#8221; item_padding=&#8221;0% 0% 0% 5%&#8221; item_padding_600_768=&#8221;0% 0% 0% 0%&#8221; item_padding_480_600=&#8221;0% 0% 0% 0%&#8221; item_padding_480=&#8221;0% 0% 0% 0%&#8221;][vc_single_image image=&#8221;591&#8243; img_size=&#8221;full&#8221; css=&#8221;&#8221; qode_css_animation=&#8221;&#8221;][\/qode_elements_holder_item][\/qode_elements_holder][\/vc_column][\/vc_row][vc_row css_animation=&#8221;&#8221; row_type=&#8221;row&#8221; use_row_as_full_screen_section=&#8221;no&#8221; type=&#8221;grid&#8221; angled_section=&#8221;no&#8221; text_align=&#8221;left&#8221; background_image_as_pattern=&#8221;without_pattern&#8221; anchor=&#8221;about&#8221; css=&#8221;.vc_custom_1467272775778{padding-top: 7% !important;padding-bottom: 6.5% !important;}&#8221;][vc_column][qode_elements_holder number_of_columns=&#8221;two_columns&#8221; switch_to_one_column=&#8221;1000&#8243; alignment_one_column=&#8221;left&#8221;][qode_elements_holder_item advanced_animations=&#8221;no&#8221; item_padding=&#8221;0% 5% 0% 0%&#8221; item_padding_600_768=&#8221;0% 0% 0% 0%&#8221; item_padding_480_600=&#8221;0% 0% 0% 0%&#8221; item_padding_480=&#8221;0% 0% 0% 0%&#8221;][vc_single_image image=&#8221;477&#8243; img_size=&#8221;full&#8221; css=&#8221;&#8221; qode_css_animation=&#8221;&#8221;][\/qode_elements_holder_item][qode_elements_holder_item vertical_alignment=&#8221;middle&#8221; advanced_animations=&#8221;no&#8221; item_padding=&#8221;12% 0% 0% 3%&#8221; item_padding_600_768=&#8221;0% 0% 0% 0%&#8221; item_padding_480_600=&#8221;0% 0% 0% 0%&#8221; item_padding_480=&#8221;0% 0% 0% 0%&#8221;][vc_column_text css=&#8221;&#8221;]<\/p>\n<h2>Lutas e conquistas<\/h2>\n<p>[\/vc_column_text][vc_empty_space height=&#8221;8px&#8221;][vc_column_text css=&#8221;&#8221;]As conquistas do sindicato dos professores municipais se materializam na vida de cada um de n\u00f3s[\/vc_column_text][vc_empty_space height=&#8221;18px&#8221;][vc_column_text css=&#8221;&#8221;]<\/p>\n<h6><a href=\"https:\/\/sinprosm.com.br\/35anos\/lutas-e-conquistas\/\">Saiba Mais<\/a><\/h6>\n<p>[\/vc_column_text][\/qode_elements_holder_item][\/qode_elements_holder][\/vc_column][\/vc_row][vc_row css_animation=&#8221;&#8221; row_type=&#8221;row&#8221; use_row_as_full_screen_section=&#8221;no&#8221; type=&#8221;grid&#8221; angled_section=&#8221;no&#8221; text_align=&#8221;left&#8221; background_image_as_pattern=&#8221;without_pattern&#8221; anchor=&#8221;services&#8221; css=&#8221;.vc_custom_1718041426073{padding-top: 7.9% !important;padding-bottom: 7.9% !important;background-color: #f6f6f6 !important;}&#8221; z_index=&#8221;&#8221;][vc_column][qode_elements_holder number_of_columns=&#8221;two_columns&#8221; switch_to_one_column=&#8221;1000&#8243; alignment_one_column=&#8221;left&#8221;][qode_elements_holder_item vertical_alignment=&#8221;middle&#8221; advanced_animations=&#8221;no&#8221; item_padding=&#8221;15% 0% 0% 0%&#8221; item_padding_600_768=&#8221;0% 0% 0% 0%&#8221; item_padding_480_600=&#8221;0% 0% 0% 0%&#8221; item_padding_480=&#8221;0% 0% 0% 0%&#8221;][vc_column_text css=&#8221;&#8221;]<\/p>\n<h2>Lei do Piso Salarial Profissional do Magist\u00e9rio P\u00fablico da Educa\u00e7\u00e3o B\u00e1sica<\/h2>\n<p>[\/vc_column_text][vc_empty_space height=&#8221;4px&#8221;][vc_column_text css=&#8221;&#8221;]Lei do Piso Salarial Profissional do Magist\u00e9rio P\u00fablico da Educa\u00e7\u00e3o B\u00e1sica[\/vc_column_text][vc_empty_space height=&#8221;18px&#8221;][vc_column_text css=&#8221;&#8221;]<\/p>\n<h6><a href=\"https:\/\/sinprosm.com.br\/35anos\/lei-do-piso-salarial-profissional-do-magisterio-publico-da-educacao-basica\/\">Leia Mais<\/a><\/h6>\n<p>[\/vc_column_text][\/qode_elements_holder_item][qode_elements_holder_item advanced_animations=&#8221;no&#8221; item_padding=&#8221;0% 0% 0% 5%&#8221; item_padding_600_768=&#8221;0% 0% 0% 0%&#8221; item_padding_480_600=&#8221;0% 0% 0% 0%&#8221; item_padding_480=&#8221;0% 0% 0% 0%&#8221;][vc_single_image image=&#8221;490&#8243; img_size=&#8221;full&#8221; css=&#8221;&#8221; qode_css_animation=&#8221;&#8221;][\/qode_elements_holder_item][\/qode_elements_holder][\/vc_column][\/vc_row][vc_row css_animation=&#8221;&#8221; row_type=&#8221;row&#8221; use_row_as_full_screen_section=&#8221;no&#8221; type=&#8221;grid&#8221; angled_section=&#8221;no&#8221; text_align=&#8221;left&#8221; background_image_as_pattern=&#8221;without_pattern&#8221; anchor=&#8221;about&#8221; css=&#8221;.vc_custom_1467272775778{padding-top: 7% !important;padding-bottom: 6.5% !important;}&#8221;][vc_column][qode_elements_holder number_of_columns=&#8221;two_columns&#8221; switch_to_one_column=&#8221;1000&#8243; alignment_one_column=&#8221;left&#8221;][qode_elements_holder_item advanced_animations=&#8221;no&#8221; item_padding=&#8221;0% 5% 0% 0%&#8221; item_padding_600_768=&#8221;0% 0% 0% 0%&#8221; item_padding_480_600=&#8221;0% 0% 0% 0%&#8221; item_padding_480=&#8221;0% 0% 0% 0%&#8221;][vc_single_image image=&#8221;604&#8243; img_size=&#8221;full&#8221; css=&#8221;&#8221; qode_css_animation=&#8221;&#8221;][\/qode_elements_holder_item][qode_elements_holder_item vertical_alignment=&#8221;middle&#8221; advanced_animations=&#8221;no&#8221; item_padding=&#8221;12% 0% 0% 3%&#8221; item_padding_600_768=&#8221;0% 0% 0% 0%&#8221; item_padding_480_600=&#8221;0% 0% 0% 0%&#8221; item_padding_480=&#8221;0% 0% 0% 0%&#8221;][vc_column_text css=&#8221;&#8221;]<\/p>\n<h2>Para al\u00e9m da Luta&#8230; Conviv\u00eancia<\/h2>\n<p>[\/vc_column_text][vc_empty_space height=&#8221;8px&#8221;][vc_column_text css=&#8221;&#8221;]O Sindicato busca promover a INTEGRA\u00c7\u00c3O, a SA\u00daDE e BEM-ESTAR dos associados, aposentados e ativos, acolhendo e articulando atividades grupais e individualizadas no espa\u00e7o de conviv\u00eancia da sede. Tamb\u00e9m comemoramos a boniteza, a alegria da VIDA e nossas VIT\u00d3RIAS COLETIVAS, com a promo\u00e7\u00e3o de eventos sociais e culturais \u00e0 altura da import\u00e2ncia do professor na sociedade: somos os profissionais que formam os demais profissionais![\/vc_column_text][vc_empty_space height=&#8221;18px&#8221;][vc_column_text css=&#8221;&#8221;]<\/p>\n<h6><a href=\"https:\/\/sinprosm.com.br\/35anos\/para-alem-da-luta\/\">Saiba Mais<\/a><\/h6>\n<p>[\/vc_column_text][\/qode_elements_holder_item][\/qode_elements_holder][\/vc_column][\/vc_row][vc_row css_animation=&#8221;&#8221; row_type=&#8221;row&#8221; use_row_as_full_screen_section=&#8221;no&#8221; type=&#8221;grid&#8221; angled_section=&#8221;no&#8221; text_align=&#8221;left&#8221; background_image_as_pattern=&#8221;without_pattern&#8221; anchor=&#8221;services&#8221; css=&#8221;.vc_custom_1718041426073{padding-top: 7.9% !important;padding-bottom: 7.9% !important;background-color: #f6f6f6 !important;}&#8221; z_index=&#8221;&#8221;][vc_column][qode_elements_holder number_of_columns=&#8221;two_columns&#8221; switch_to_one_column=&#8221;1000&#8243; alignment_one_column=&#8221;left&#8221;][qode_elements_holder_item vertical_alignment=&#8221;middle&#8221; advanced_animations=&#8221;no&#8221; item_padding=&#8221;15% 0% 0% 0%&#8221; item_padding_600_768=&#8221;0% 0% 0% 0%&#8221; item_padding_480_600=&#8221;0% 0% 0% 0%&#8221; item_padding_480=&#8221;0% 0% 0% 0%&#8221;][vc_column_text css=&#8221;&#8221;]<\/p>\n<h2>Semin\u00e1rios e forma\u00e7\u00e3o &#8211; SINPROSM e processos formativos<\/h2>\n<p>[\/vc_column_text][vc_empty_space height=&#8221;4px&#8221;][vc_column_text css=&#8221;&#8221;]O SINPROSM, desde sua funda\u00e7\u00e3o, acredita e investe nos processos formativos dos professores e sempre buscou oportunizar espa\u00e7os de di\u00e1logo e reflex\u00e3o acerca das quest\u00f5es que impactam na qualidade da educa\u00e7\u00e3o municipal, por meio de oficinas, semin\u00e1rios, palestras, artigos, webs\u00e9ries e publica\u00e7\u00f5es digitais.<br \/>\n[\/vc_column_text][vc_empty_space height=&#8221;18px&#8221;][vc_column_text css=&#8221;&#8221;]<\/p>\n<h6><a href=\"https:\/\/sinprosm.com.br\/35anos\/sinprosm-e-processos-formativos\/\">Leia Mais<\/a><\/h6>\n<p>[\/vc_column_text][\/qode_elements_holder_item][qode_elements_holder_item advanced_animations=&#8221;no&#8221; item_padding=&#8221;0% 0% 0% 5%&#8221; item_padding_600_768=&#8221;0% 0% 0% 0%&#8221; item_padding_480_600=&#8221;0% 0% 0% 0%&#8221; item_padding_480=&#8221;0% 0% 0% 0%&#8221;][vc_single_image image=&#8221;510&#8243; img_size=&#8221;full&#8221; css=&#8221;&#8221; qode_css_animation=&#8221;&#8221;][\/qode_elements_holder_item][\/qode_elements_holder][\/vc_column][\/vc_row][vc_row css_animation=&#8221;&#8221; row_type=&#8221;row&#8221; use_row_as_full_screen_section=&#8221;no&#8221; type=&#8221;grid&#8221; angled_section=&#8221;no&#8221; text_align=&#8221;left&#8221; background_image_as_pattern=&#8221;without_pattern&#8221; anchor=&#8221;about&#8221; css=&#8221;.vc_custom_1467272775778{padding-top: 7% !important;padding-bottom: 6.5% !important;}&#8221;][vc_column][qode_elements_holder number_of_columns=&#8221;two_columns&#8221; switch_to_one_column=&#8221;1000&#8243; alignment_one_column=&#8221;left&#8221;][qode_elements_holder_item advanced_animations=&#8221;no&#8221; item_padding=&#8221;0% 5% 0% 0%&#8221; item_padding_600_768=&#8221;0% 0% 0% 0%&#8221; item_padding_480_600=&#8221;0% 0% 0% 0%&#8221; item_padding_480=&#8221;0% 0% 0% 0%&#8221;][vc_single_image image=&#8221;639&#8243; img_size=&#8221;full&#8221; css=&#8221;&#8221; qode_css_animation=&#8221;&#8221;][\/qode_elements_holder_item][qode_elements_holder_item vertical_alignment=&#8221;middle&#8221; advanced_animations=&#8221;no&#8221; item_padding=&#8221;12% 0% 0% 3%&#8221; item_padding_600_768=&#8221;0% 0% 0% 0%&#8221; item_padding_480_600=&#8221;0% 0% 0% 0%&#8221; item_padding_480=&#8221;0% 0% 0% 0%&#8221;][vc_column_text css=&#8221;&#8221;]<\/p>\n<h2>A for\u00e7a dos educadores &#8211; Conselhos, comiss\u00f5es, f\u00f3runs<\/h2>\n<p>[\/vc_column_text][vc_empty_space height=&#8221;8px&#8221;][vc_column_text css=&#8221;&#8221;]O SINPROSM atua na constru\u00e7\u00e3o e acompanhamento das pol\u00edticas p\u00fablicas do munic\u00edpio de Santa Maria por meio da participa\u00e7\u00e3o representativa dos professores em conselhos municipais, comiss\u00f5es, comit\u00eas e f\u00f3runs locais.[\/vc_column_text][vc_empty_space height=&#8221;18px&#8221;][vc_column_text css=&#8221;&#8221;]<\/p>\n<h6><a href=\"https:\/\/sinprosm.com.br\/35anos\/construcao-e-acompanhamento\/\">Saiba Mais<\/a><\/h6>\n<p>[\/vc_column_text][\/qode_elements_holder_item][\/qode_elements_holder][\/vc_column][\/vc_row][vc_row css_animation=&#8221;&#8221; row_type=&#8221;row&#8221; use_row_as_full_screen_section=&#8221;no&#8221; type=&#8221;grid&#8221; angled_section=&#8221;no&#8221; text_align=&#8221;left&#8221; background_image_as_pattern=&#8221;without_pattern&#8221; anchor=&#8221;services&#8221; css=&#8221;.vc_custom_1718041426073{padding-top: 7.9% !important;padding-bottom: 7.9% !important;background-color: #f6f6f6 !important;}&#8221; z_index=&#8221;&#8221;][vc_column][qode_elements_holder number_of_columns=&#8221;two_columns&#8221; switch_to_one_column=&#8221;1000&#8243; alignment_one_column=&#8221;left&#8221;][qode_elements_holder_item vertical_alignment=&#8221;middle&#8221; advanced_animations=&#8221;no&#8221; item_padding=&#8221;15% 0% 0% 0%&#8221; item_padding_600_768=&#8221;0% 0% 0% 0%&#8221; item_padding_480_600=&#8221;0% 0% 0% 0%&#8221; item_padding_480=&#8221;0% 0% 0% 0%&#8221;][vc_column_text css=&#8221;&#8221;]<\/p>\n<h2>Futuro<\/h2>\n<p>[\/vc_column_text][vc_empty_space height=&#8221;4px&#8221;][vc_column_text css=&#8221;&#8221;]Os 35 anos de exist\u00eancia do Sindicato dos Professores Municipais de Santa Maria RS, somados aos anos da Associa\u00e7\u00e3o dos Professores do Munic\u00edpio, s\u00e3o marcados pelas lutas, mobiliza\u00e7\u00f5es e posicionamentos firmes e decisivos na defesa dos direitos da categoria.[\/vc_column_text][vc_empty_space height=&#8221;18px&#8221;][vc_column_text css=&#8221;&#8221;]<\/p>\n<h6><a href=\"https:\/\/sinprosm.com.br\/35anos\/futuro\/\">Leia Mais<\/a><\/h6>\n<p>[\/vc_column_text][\/qode_elements_holder_item][qode_elements_holder_item advanced_animations=&#8221;no&#8221; item_padding=&#8221;0% 0% 0% 5%&#8221; item_padding_600_768=&#8221;0% 0% 0% 0%&#8221; item_padding_480_600=&#8221;0% 0% 0% 0%&#8221; item_padding_480=&#8221;0% 0% 0% 0%&#8221;][vc_single_image image=&#8221;648&#8243; img_size=&#8221;full&#8221; css=&#8221;&#8221; qode_css_animation=&#8221;&#8221;][\/qode_elements_holder_item][\/qode_elements_holder][\/vc_column][\/vc_row]<\/p>\n<\/div>","protected":false},"excerpt":{"rendered":"<p>[vc_row css_animation=&#8221;&#8221; row_type=&#8221;row&#8221; use_row_as_full_screen_section=&#8221;no&#8221; type=&#8221;grid&#8221; angled_section=&#8221;no&#8221; text_align=&#8221;left&#8221; background_image_as_pattern=&#8221;without_pattern&#8221; anchor=&#8221;about&#8221; css=&#8221;.vc_custom_1467272775778{padding-top: 7% !important;padding-bottom: 6.5% !important;}&#8221;][vc_column][qode_elements_holder number_of_columns=&#8221;two_columns&#8221; switch_to_one_column=&#8221;1000&#8243; alignment_one_column=&#8221;left&#8221;][qode_elements_holder_item advanced_animations=&#8221;no&#8221; item_padding=&#8221;0% 5% 0% 0%&#8221; item_padding_600_768=&#8221;0% 0% 0% 0%&#8221; item_padding_480_600=&#8221;0% 0% 0% 0%&#8221; item_padding_480=&#8221;0% 0% 0% 0%&#8221;][vc_single_image image=&#8221;350&#8243; img_size=&#8221;full&#8221; css=&#8221;&#8221; qode_css_animation=&#8221;&#8221;][\/qode_elements_holder_item][qode_elements_holder_item vertical_alignment=&#8221;middle&#8221; advanced_animations=&#8221;no&#8221; item_padding=&#8221;12% 0% 0% 3%&#8221; item_padding_600_768=&#8221;0%&#8230;<\/p>\n","protected":false},"author":1,"featured_media":0,"parent":0,"menu_order":0,"comment_status":"closed","ping_status":"closed","template":"full_width.php","meta":{"footnotes":""},"class_list":["post-177","page","type-page","status-publish","hentry"],"_links":{"self":[{"href":"https:\/\/sinprosm.com.br\/35anos\/wp-json\/wp\/v2\/pages\/177","targetHints":{"allow":["GET"]}}],"collection":[{"href":"https:\/\/sinprosm.com.br\/35anos\/wp-json\/wp\/v2\/pages"}],"about":[{"href":"https:\/\/sinprosm.com.br\/35anos\/wp-json\/wp\/v2\/types\/page"}],"author":[{"embeddable":true,"href":"https:\/\/sinprosm.com.br\/35anos\/wp-json\/wp\/v2\/users\/1"}],"replies":[{"embeddable":true,"href":"https:\/\/sinprosm.com.br\/35anos\/wp-json\/wp\/v2\/comments?post=177"}],"version-history":[{"count":52,"href":"https:\/\/sinprosm.com.br\/35anos\/wp-json\/wp\/v2\/pages\/177\/revisions"}],"predecessor-version":[{"id":650,"href":"https:\/\/sinprosm.com.br\/35anos\/wp-json\/wp\/v2\/pages\/177\/revisions\/650"}],"wp:attachment":[{"href":"https:\/\/sinprosm.com.br\/35anos\/wp-json\/wp\/v2\/media?parent=177"}],"curies":[{"name":"wp","href":"https:\/\/api.w.org\/{rel}","templated":true}]}}